{"id":870,"date":"2019-07-25T11:51:02","date_gmt":"2019-07-25T09:51:02","guid":{"rendered":"http:\/\/www2.marmorplus.it\/viaggio-nel-mondo-del-marmo\/"},"modified":"2025-03-21T14:44:11","modified_gmt":"2025-03-21T13:44:11","slug":"viaggio-nel-mondo-del-marmo","status":"publish","type":"page","link":"https:\/\/www.marmorplus.it\/it\/viaggio-nel-mondo-del-marmo\/","title":{"rendered":"Viaggio nel mondo del marmo"},"content":{"rendered":"\n\n<h1 id=\"u29880-4\">Viaggio nel mondo del marmo<\/h1>\n<p>&nbsp;<\/p>\n<strong>Data:<\/strong> ogni martedi ore 14.00<br \/>\n(da met\u00e0 luglio a met\u00e0 agosto)\n<strong>Prezzo:<\/strong> 11 \u20ac a persona, 5 \u20ac per bambini fino 12 anni\n<strong>Durata:<\/strong> ca. 2 ore\n<strong>Ritrovo: <\/strong>stazione ferroviaria di Lasa\n<strong>Arrivo:<\/strong> con treno o macchina, parcheggio disponibile\n<strong>Livello di difficolt\u00e0:<\/strong> Le nostre visite guidate sono adatte a tutti grazie alle brevi distanze a piedi.\n<strong>\u00c8 richiesta la prenotazione online o telefonica entro le ore 18.00 del giorno precedente &#8211;\u00a0minimo partecipanti 6 persone. <br \/>\n <\/strong>\n<p>&nbsp;<\/p>\n<p>Per prepararci alle prossime 2 ore, iniziamo il nostro tour con un <strong>film impressionante sull&#8217;origine, la storia, l&#8217;estrazione e la lavorazione del marmo.<\/strong> Imparerai storie dei nostri <strong>esperti qualificati di marmo.<\/strong><\/p>\n<p>Una visita al <strong>tradizionale maestro scalpellino Mayr Josef<\/strong> \u00e8 un&#8217;occasione per guardare alle spalle dei professionisti e vedere come vengono create le nuove opere d&#8217;arte. Ora iniziamo la nostra breve visita alla chiesa parrocchiale di Laas con la sua singolare <strong>abside romanica<\/strong>. Una volta arrivati, riceverete brevi informazioni storiche e culturali sul villaggio di marmo.<\/p>\n<p>Passando davanti alla chiesa di Marx, lasciamo ora la <strong>parte storico-artistica<\/strong> del nostro tour e camminiamo a grandi passi attraverso i locali della locali nel <strong>presente e nel futuro del<\/strong> marmo locali&#8230;<\/p>\n<p>Nelle grandi officine puoi testimoniare come il marmo viene tagliato, levigato e lavorato con le ultime tecnologie. Ammirate le eccezionali strutture di trasporto e la famosa ferrovia marmifera, una vera meraviglia della tecnologia, operativa da oltre 90 anni. Infine, visitiamo il nuovo museo all&#8217;aperto, il <strong>Laas Marble World<\/strong>. Senti la luminosit\u00e0 unica del marmo di Lasa. Ammira la vecchia <strong>gru a portale<\/strong> e le preziose sculture degli artisti che sono state scolpite nella pietra nei <strong>simposi di marmo<\/strong> negli ultimi anni. Dopo la visita, potete fermarvi qui per un po&#8217;; l&#8217;<strong>ingresso al museo all&#8217;aperto \u00e8 gi\u00e0 incluso<\/strong>!<\/p>\n<p>&nbsp;<\/p>\n<em><strong>Esperienza-essere stupiti-sentirsi<br \/>\n<\/strong><\/em> questo \u00e8 il motto di <strong>marmo plus<\/strong>\nNon vediamo l&#8217;ora della vostra visita!\n<h2>\n\t\tIscrizione al viaggio nel mondo del marmo\n\t<\/h2>\n\tSi prega di compilare il modulo di registrazione.<br \/>\n<strong>Numero minimo di partecipanti 6 persone &#8211; vi informiamo il giorno prima via SMS o email se il tour verr\u00e0 effettuata!<\/strong>\n\t<a href=\"tel:+393474095404\" target=\"_self\" aria-label=\"Go to tel:+393474095404\" rel=\"noopener\"><\/a>\n\t\t<h2>+39 347 40 95 404<\/h2>\t\t\t\n\t\n<div class=\"wpcf7 no-js\" id=\"wpcf7-f1271-o1\" lang=\"de-DE\" dir=\"ltr\" data-wpcf7-id=\"1271\">\n<div class=\"screen-reader-response\"><p role=\"status\" aria-live=\"polite\" aria-atomic=\"true\"><\/p> <ul><\/ul><\/div>\n<form action=\"\/it\/wp-json\/wp\/v2\/pages\/870#wpcf7-f1271-o1\" method=\"post\" class=\"wpcf7-form init\" aria-label=\"Kontaktformular\" novalidate=\"novalidate\" data-status=\"init\">\n<fieldset class=\"hidden-fields-container\"><input type=\"hidden\" name=\"_wpcf7\" value=\"1271\" \/><input type=\"hidden\" name=\"_wpcf7_version\" value=\"6.1.5\" \/><input type=\"hidden\" name=\"_wpcf7_locale\" value=\"de_DE\" \/><input type=\"hidden\" name=\"_wpcf7_unit_tag\" value=\"wpcf7-f1271-o1\" \/><input type=\"hidden\" name=\"_wpcf7_container_post\" value=\"0\" \/><input type=\"hidden\" name=\"_wpcf7_posted_data_hash\" value=\"\" \/>\n<\/fieldset>\n<p><label> Modulo d'iscrizione <\/label>\n<\/p>\n<p><label> Nome*<br \/>\n<span class=\"wpcf7-form-control-wrap\" data-name=\"your-name\"><input size=\"40\" maxlength=\"400\" class=\"wpcf7-form-control wpcf7-text wpcf7-validates-as-required\" aria-required=\"true\" aria-invalid=\"false\" value=\"\" type=\"text\" name=\"your-name\" \/><\/span> <\/label>\n<\/p>\n<p><label> Cognome*<br \/>\n<span class=\"wpcf7-form-control-wrap\" data-name=\"nachname\"><input size=\"40\" maxlength=\"400\" class=\"wpcf7-form-control wpcf7-text wpcf7-validates-as-required\" aria-required=\"true\" aria-invalid=\"false\" value=\"\" type=\"text\" name=\"nachname\" \/><\/span> <\/label>\n<\/p>\n<p><label> Email*<br \/>\n<span class=\"wpcf7-form-control-wrap\" data-name=\"your-email\"><input size=\"40\" maxlength=\"400\" class=\"wpcf7-form-control wpcf7-email wpcf7-validates-as-required wpcf7-text wpcf7-validates-as-email\" aria-required=\"true\" aria-invalid=\"false\" value=\"\" type=\"email\" name=\"your-email\" \/><\/span> <\/label>\n<\/p>\n<p><label> Telefono*<br \/>\n<span class=\"wpcf7-form-control-wrap\" data-name=\"tefefon\"><input size=\"40\" maxlength=\"400\" class=\"wpcf7-form-control wpcf7-tel wpcf7-validates-as-required wpcf7-text wpcf7-validates-as-tel\" aria-required=\"true\" aria-invalid=\"false\" value=\"\" type=\"tel\" name=\"tefefon\" \/><\/span> <\/label>\n<\/p>\n<p><label> Numero di partecipanti*<br \/>\n<span class=\"wpcf7-form-control-wrap\" data-name=\"Personen\"><select class=\"wpcf7-form-control wpcf7-select wpcf7-validates-as-required\" aria-required=\"true\" aria-invalid=\"false\" name=\"Personen\"><option value=\"\">&#8211; Bitte ausw\u00e4hlen &#8211;<\/option><option value=\"1\">1<\/option><option value=\"2\">2<\/option><option value=\"3\">3<\/option><option value=\"4\">4<\/option><option value=\"5\">5<\/option><option value=\"6\">6<\/option><option value=\"7\">7<\/option><option value=\"8\">8<\/option><option value=\"9\">9<\/option><option value=\"10\">10<\/option><option value=\"11\">11<\/option><option value=\"12\">12<\/option><option value=\"13\">13<\/option><option value=\"14\">14<\/option><option value=\"15\">15<\/option><option value=\"16\">16<\/option><option value=\"17\">17<\/option><option value=\"18\">18<\/option><option value=\"19\">19<\/option><option value=\"20\">20<\/option><\/select><\/span> <\/label>\n<\/p>\n<p><label> Selezionare la data*<br \/>\n<span class=\"wpcf7-form-control-wrap\" data-name=\"Datum\"><select class=\"wpcf7-form-control wpcf7-select wpcf7-validates-as-required\" aria-required=\"true\" aria-invalid=\"false\" name=\"Datum\"><option value=\"\">&#8211; Bitte ausw\u00e4hlen &#8211;<\/option><option value=\"martedi 7.7.2026 \u2013 ore 14.00\">martedi 7.7.2026 \u2013 ore 14.00<\/option><option value=\"martedi 14.7.2026 \u2013 ore 14.00\">martedi 14.7.2026 \u2013 ore 14.00<\/option><option value=\"martedi 21.7.2026 \u2013 ore 14.00\">martedi 21.7.2026 \u2013 ore 14.00<\/option><option value=\"martedi 28.7.2026 \u2013 ore 14.00\">martedi 28.7.2026 \u2013 ore 14.00<\/option><option value=\"martedi 4.8.2026 \u2013 ore 14.00\">martedi 4.8.2026 \u2013 ore 14.00<\/option><option value=\"martedi 11.8.2026 \u2013 ore 14.00\">martedi 11.8.2026 \u2013 ore 14.00<\/option><option value=\"martedi 18.8.2026 \u2013 ore 14.00\">martedi 18.8.2026 \u2013 ore 14.00<\/option><option value=\"martedi 25.8.2026 \u2013 ore 14.00\">martedi 25.8.2026 \u2013 ore 14.00<\/option><\/select><\/span> <\/label>\n<\/p>\n<p><label> Nota<br \/>\n<span class=\"wpcf7-form-control-wrap\" data-name=\"your-message\"><textarea cols=\"40\" rows=\"10\" maxlength=\"2000\" class=\"wpcf7-form-control wpcf7-textarea\" aria-invalid=\"false\" name=\"your-message\"><\/textarea><\/span> <\/label>\n<\/p>\n<p><input class=\"wpcf7-form-control wpcf7-submit has-spinner\" type=\"submit\" value=\"INVIARE\" \/>\n<\/p><div class=\"wpcf7-response-output\" aria-hidden=\"true\"><\/div>\n<\/form>\n<\/div>\n\n<h1>\n\t\tImpressioni\n\t<\/h1>\n<h2>\n\t\tConoscete gi\u00e0 i nostri esclusivi marmo Tour Avventura?\n\t<\/h2>\n\t\t\t\t<img loading=\"lazy\" decoding=\"async\" src=\"http:\/\/www2.marmorplus.it\/wp-content\/uploads\/2022\/03\/Marmorfu\u0308hrung-Bru\u0308chlerstiegen-1.jpg\"  alt=\"Viaggio nel mondo del marmo\"  itemprop=\"image\" height=\"701\" width=\"930\"  title=\"\"  onerror=\"this.style.display='none'\"  \/>\n\t<h2><strong>Escursione guidata<\/strong><\/h2>\n<p>Dopo la visione di un avvincente documentario sulla genesi, l&#8217;estrazione e la lavorazione del\u00a0marmo, la visita prosegue con un bus navetta fino alla sala macchine dell&#8217;argano gigante\u00a0presso lo storico piano inclinato. Salendo i 365 gradini, percorsi in passato dai lavoratori\u00a0della cava, si giunge all&#8217;interno della cava di Acqua Bianca, dove viene estratto &#8220;l&#8217;oro bianco&#8221;.\u00a0Al ritorno si ripercorre la via dei lavoratori e si raggiunge il paese del marmo con il bus\u00a0navetta.<\/p>\n<p><strong>Quando:\u00a0<\/strong>ogni gioved\u00ec alle ore 14.00 da met\u00e0 luglio a met\u00e0 settembre<\/p>\n<p><strong>Punto d&#8217;incontro:<\/strong> stazione ferroviaria di Lasa<\/p>\n<p><strong>Durata:<\/strong> circa 4 ore di cui il percorso a piedi \u00e8 di circa 50 minuti<\/p>\n<p><strong>Prezzo:<\/strong> 48 euro adulti, 25 euro per ragazzi dai 10 ai 16 anni<\/p>\n<p><strong>Grado di difficolt\u00e0:<\/strong> medio; sono richiesti passo sicuro durante l&#8217;ascesa e abbigliamento adeguato.<strong> L&#8217;escursione non \u00e8 indicata per ragazzi di et\u00e0 inferiore a 10 anni.<\/strong><\/p>\n<p><strong>\u00c8 richiesta la prenotazione online o telefonica entro le ore 18.00 del giorno precedente &#8211;\u00a0minimo partecipanti 6 persone.<\/strong><\/p>\n\t\t\t<a href=\"http:\/\/www2.marmorplus.it\/it\/marmor-relaxtour\/\" title=\"Click Here\" target=\"_self\" role=\"button\" aria-label=\"Saperne di pi\u00f9\" rel=\"noopener\">\n\t\t\t\t\t\t\tSaperne di pi\u00f9\n\t\t<\/a>\n\t<a href=\"mailto:info@marmorplus.it\" target=\"_self\" aria-label=\"Go to mailto:info@marmorplus.it\" rel=\"noopener\"><\/a>\n\t\t<h2>info@marmorplus.it<\/h2>\t\t\t\n\t<a href=\"tel:+393474095404\" target=\"_self\" aria-label=\"Go to Tel:+393474095404\" rel=\"noopener\"><\/a>\n\t\t<h2>+39 347 40 95 404<\/h2>\t\t\t\n\t<a href=\"http:\/\/www2.marmorplus.it\/contatto\/?lang=it\" target=\"_self\" aria-label=\"Go to http:\/\/www2.marmorplus.it\/contatto\/?lang=it\" rel=\"noopener\"><\/a>\n\t\t<h2>Come raggiungerci<\/h2>\t\t\t\n\n","protected":false},"excerpt":{"rendered":"<p>Viaggio nel mondo del marmo &nbsp; Data: ogni martedi ore 14.00 (da met\u00e0 luglio a met\u00e0 agosto) Prezzo: 11 \u20ac a persona, 5 \u20ac per bambini fino 12 anni Durata: ca. 2 ore Ritrovo: stazione ferroviaria di Lasa Arrivo: con treno o macchina, parcheggio disponibile Livello di difficolt\u00e0: Le nostre visite guidate sono adatte a&hellip;<\/p>\n","protected":false},"author":1,"featured_media":0,"parent":0,"menu_order":0,"comment_status":"closed","ping_status":"closed","template":"","meta":{"inline_featured_image":false,"footnotes":""},"class_list":["post-870","page","type-page","status-publish","hentry"],"yoast_head":"<!-- This site is optimized with the Yoast SEO plugin v27.5 - https:\/\/yoast.com\/product\/yoast-seo-wordpress\/ -->\n<title>Viaggio nel mondo del marmo - Marmor Erlebnisf\u00fchrungen<\/title>\n<meta name=\"description\" content=\"Viaggio nel mondo del marmo\" \/>\n<meta name=\"robots\" content=\"index, follow, max-snippet:-1, max-image-preview:large, max-video-preview:-1\" \/>\n<link rel=\"canonical\" href=\"https:\/\/www.marmorplus.it\/it\/viaggio-nel-mondo-del-marmo\/\" \/>\n<meta property=\"og:locale\" content=\"it_IT\" \/>\n<meta property=\"og:type\" content=\"article\" \/>\n<meta property=\"og:title\" content=\"Viaggio nel mondo del marmo - Marmor Erlebnisf\u00fchrungen\" \/>\n<meta property=\"og:description\" content=\"Viaggio nel mondo del marmo\" \/>\n<meta property=\"og:url\" content=\"https:\/\/www.marmorplus.it\/it\/viaggio-nel-mondo-del-marmo\/\" \/>\n<meta property=\"og:site_name\" content=\"Marmor Erlebnisf\u00fchrungen\" \/>\n<meta property=\"article:modified_time\" content=\"2025-03-21T13:44:11+00:00\" \/>\n<meta name=\"twitter:card\" content=\"summary_large_image\" \/>\n<meta name=\"twitter:label1\" content=\"Tempo di lettura stimato\" \/>\n\t<meta name=\"twitter:data1\" content=\"3 minuti\" \/>\n<script type=\"application\/ld+json\" class=\"yoast-schema-graph\">{\"@context\":\"https:\\\/\\\/schema.org\",\"@graph\":[{\"@type\":\"WebPage\",\"@id\":\"https:\\\/\\\/www.marmorplus.it\\\/it\\\/viaggio-nel-mondo-del-marmo\\\/\",\"url\":\"https:\\\/\\\/www.marmorplus.it\\\/it\\\/viaggio-nel-mondo-del-marmo\\\/\",\"name\":\"Viaggio nel mondo del marmo - Marmor Erlebnisf\u00fchrungen\",\"isPartOf\":{\"@id\":\"https:\\\/\\\/www.marmorplus.it\\\/it\\\/#website\"},\"datePublished\":\"2019-07-25T09:51:02+00:00\",\"dateModified\":\"2025-03-21T13:44:11+00:00\",\"description\":\"Viaggio nel mondo del marmo\",\"breadcrumb\":{\"@id\":\"https:\\\/\\\/www.marmorplus.it\\\/it\\\/viaggio-nel-mondo-del-marmo\\\/#breadcrumb\"},\"inLanguage\":\"it-IT\",\"potentialAction\":[{\"@type\":\"ReadAction\",\"target\":[\"https:\\\/\\\/www.marmorplus.it\\\/it\\\/viaggio-nel-mondo-del-marmo\\\/\"]}]},{\"@type\":\"BreadcrumbList\",\"@id\":\"https:\\\/\\\/www.marmorplus.it\\\/it\\\/viaggio-nel-mondo-del-marmo\\\/#breadcrumb\",\"itemListElement\":[{\"@type\":\"ListItem\",\"position\":1,\"name\":\"Startseite\",\"item\":\"https:\\\/\\\/www.marmorplus.it\\\/it\\\/\"},{\"@type\":\"ListItem\",\"position\":2,\"name\":\"Viaggio nel mondo del marmo\"}]},{\"@type\":\"WebSite\",\"@id\":\"https:\\\/\\\/www.marmorplus.it\\\/it\\\/#website\",\"url\":\"https:\\\/\\\/www.marmorplus.it\\\/it\\\/\",\"name\":\"Marmor Erlebnisf\u00fchrungen\",\"description\":\"Erleben Sie die einzigartige Faszination des Laaser Marmor\",\"potentialAction\":[{\"@type\":\"SearchAction\",\"target\":{\"@type\":\"EntryPoint\",\"urlTemplate\":\"https:\\\/\\\/www.marmorplus.it\\\/it\\\/?s={search_term_string}\"},\"query-input\":{\"@type\":\"PropertyValueSpecification\",\"valueRequired\":true,\"valueName\":\"search_term_string\"}}],\"inLanguage\":\"it-IT\"}]}<\/script>\n<!-- \/ Yoast SEO plugin. -->","yoast_head_json":{"title":"Viaggio nel mondo del marmo - Marmor Erlebnisf\u00fchrungen","description":"Viaggio nel mondo del marmo","robots":{"index":"index","follow":"follow","max-snippet":"max-snippet:-1","max-image-preview":"max-image-preview:large","max-video-preview":"max-video-preview:-1"},"canonical":"https:\/\/www.marmorplus.it\/it\/viaggio-nel-mondo-del-marmo\/","og_locale":"it_IT","og_type":"article","og_title":"Viaggio nel mondo del marmo - Marmor Erlebnisf\u00fchrungen","og_description":"Viaggio nel mondo del marmo","og_url":"https:\/\/www.marmorplus.it\/it\/viaggio-nel-mondo-del-marmo\/","og_site_name":"Marmor Erlebnisf\u00fchrungen","article_modified_time":"2025-03-21T13:44:11+00:00","twitter_card":"summary_large_image","twitter_misc":{"Tempo di lettura stimato":"3 minuti"},"schema":{"@context":"https:\/\/schema.org","@graph":[{"@type":"WebPage","@id":"https:\/\/www.marmorplus.it\/it\/viaggio-nel-mondo-del-marmo\/","url":"https:\/\/www.marmorplus.it\/it\/viaggio-nel-mondo-del-marmo\/","name":"Viaggio nel mondo del marmo - Marmor Erlebnisf\u00fchrungen","isPartOf":{"@id":"https:\/\/www.marmorplus.it\/it\/#website"},"datePublished":"2019-07-25T09:51:02+00:00","dateModified":"2025-03-21T13:44:11+00:00","description":"Viaggio nel mondo del marmo","breadcrumb":{"@id":"https:\/\/www.marmorplus.it\/it\/viaggio-nel-mondo-del-marmo\/#breadcrumb"},"inLanguage":"it-IT","potentialAction":[{"@type":"ReadAction","target":["https:\/\/www.marmorplus.it\/it\/viaggio-nel-mondo-del-marmo\/"]}]},{"@type":"BreadcrumbList","@id":"https:\/\/www.marmorplus.it\/it\/viaggio-nel-mondo-del-marmo\/#breadcrumb","itemListElement":[{"@type":"ListItem","position":1,"name":"Startseite","item":"https:\/\/www.marmorplus.it\/it\/"},{"@type":"ListItem","position":2,"name":"Viaggio nel mondo del marmo"}]},{"@type":"WebSite","@id":"https:\/\/www.marmorplus.it\/it\/#website","url":"https:\/\/www.marmorplus.it\/it\/","name":"Marmor Erlebnisf\u00fchrungen","description":"Erleben Sie die einzigartige Faszination des Laaser Marmor","potentialAction":[{"@type":"SearchAction","target":{"@type":"EntryPoint","urlTemplate":"https:\/\/www.marmorplus.it\/it\/?s={search_term_string}"},"query-input":{"@type":"PropertyValueSpecification","valueRequired":true,"valueName":"search_term_string"}}],"inLanguage":"it-IT"}]}},"_links":{"self":[{"href":"https:\/\/www.marmorplus.it\/it\/wp-json\/wp\/v2\/pages\/870","targetHints":{"allow":["GET"]}}],"collection":[{"href":"https:\/\/www.marmorplus.it\/it\/wp-json\/wp\/v2\/pages"}],"about":[{"href":"https:\/\/www.marmorplus.it\/it\/wp-json\/wp\/v2\/types\/page"}],"author":[{"embeddable":true,"href":"https:\/\/www.marmorplus.it\/it\/wp-json\/wp\/v2\/users\/1"}],"replies":[{"embeddable":true,"href":"https:\/\/www.marmorplus.it\/it\/wp-json\/wp\/v2\/comments?post=870"}],"version-history":[{"count":10,"href":"https:\/\/www.marmorplus.it\/it\/wp-json\/wp\/v2\/pages\/870\/revisions"}],"predecessor-version":[{"id":1695,"href":"https:\/\/www.marmorplus.it\/it\/wp-json\/wp\/v2\/pages\/870\/revisions\/1695"}],"wp:attachment":[{"href":"https:\/\/www.marmorplus.it\/it\/wp-json\/wp\/v2\/media?parent=870"}],"curies":[{"name":"wp","href":"https:\/\/api.w.org\/{rel}","templated":true}]}}