{"id":840,"date":"2019-07-25T11:05:49","date_gmt":"2019-07-25T09:05:49","guid":{"rendered":"http:\/\/www2.marmorplus.it\/benvenuto\/"},"modified":"2026-03-02T17:48:58","modified_gmt":"2026-03-02T16:48:58","slug":"benvenuto","status":"publish","type":"page","link":"https:\/\/www.marmorplus.it\/it\/","title":{"rendered":"Benvenuto"},"content":{"rendered":"\n\n<h2>\n\t\tVari tour di avventura del marmo\n\t<\/h2>\n\tScopri il fascino unico del marmo di Lasa e di Covelano\n<em>Esperienza-Meraviglia-Sentimento&#8230;<br \/>\n<\/em>questo e`il motto di <strong>Marmor plus<\/strong>\n\t\t\t\t<img loading=\"lazy\" decoding=\"async\" src=\"https:\/\/www.marmorplus.it\/wp-content\/uploads\/2018\/11\/Marmorf\u00fchrung_kl.jpg\"  alt=\"Benvenuto\"  itemprop=\"image\" height=\"620\" width=\"930\"  title=\"\"  onerror=\"this.style.display='none'\"  \/>\n\t<h2><strong>Visita guidata alla scoperta del marmo<\/strong><\/h2>\n<p>Un suggestivo documentario sulla genesi, la storia, l&#8217;estrazione e la lavorazione del marmo. Il percorso prevede la visita all&#8217;azienda Mayr Josef in cui sar\u00e0 possibile osservare gli scultori professionisti all&#8217;opera. Il percorso prosegue attraverso il paese del marmo, con la visita allo stabilimento &#8220;Lasa Marmo&#8221; e alla mostra del &#8220;Mondo del marmo&#8221; con la sua storica gru a cavalletto e le preziose sculture. Qui ci si potr\u00e0 soffermare anche dopo la visita: l&#8217;ingresso alla mostra \u00e8 incluso nel prezzo.<\/p>\n<p><strong>Quando:<\/strong> ogni marted\u00ec alle ore 14.00 da met\u00e0 luglio a fine agosto<\/p>\n<p><strong>Punto d&#8217;incontro:<\/strong> Stazione ferroviaria di Lasa<\/p>\n<p><strong>Durata:<\/strong> circa 2 ore e mezza<\/p>\n<p><strong>Prezzo:<\/strong> 11 euro adulti, 5 euro bambini fino ai 12 anni<\/p>\n<p><strong>\u00c8 richiesta la prenotazione online o telefonica entro le ore 18.00 del giorno precedente &#8211;\u00a0minimo partecipanti 6 persone.<\/strong><\/p>\n\t\t\t<a href=\"http:\/\/www2.marmorplus.it\/it\/viaggio-nel-mondo-del-marmo\/\" title=\"Click Here\" target=\"_self\" role=\"button\" aria-label=\"Saperne di pi\u00f9\" rel=\"noopener\">\n\t\t\t\t\t\t\tSaperne di pi\u00f9\n\t\t<\/a>\n\t\t\t\t<img loading=\"lazy\" decoding=\"async\" src=\"https:\/\/www.marmorplus.it\/wp-content\/uploads\/2022\/03\/Marmorfu\u0308hrung-Bru\u0308chlerstiegen-1.jpg\"  alt=\"Benvenuto\"  itemprop=\"image\" height=\"701\" width=\"930\"  title=\"\"  onerror=\"this.style.display='none'\"  \/>\n\t<h2><strong>Escursione guidata<\/strong><\/h2>\n<p>Dopo la visione di un avvincente documentario sulla genesi, l&#8217;estrazione e la lavorazione del\u00a0marmo, la visita prosegue con un bus navetta fino alla sala macchine dell&#8217;argano gigante\u00a0presso lo storico piano inclinato. Salendo i 365 gradini, percorsi in passato dai lavoratori\u00a0della cava, si giunge all&#8217;interno della cava di Acqua Bianca, dove viene estratto &#8220;l&#8217;oro bianco&#8221;.\u00a0Al ritorno si ripercorre la via dei lavoratori e si raggiunge il paese del marmo con il bus\u00a0navetta.<\/p>\n<p><strong>Quando:\u00a0<\/strong>ogni gioved\u00ec alle ore 14.00 da met\u00e0 luglio a met\u00e0 settembre<\/p>\n<p><strong>Punto d&#8217;incontro:<\/strong> stazione ferroviaria di Lasa<\/p>\n<p><strong>Durata:<\/strong> circa 4 ore di cui il percorso a piedi \u00e8 di circa 50 minuti<\/p>\n<p><strong>Prezzo:<\/strong> 48 euro adulti, 25 euro per ragazzi dai 10 ai 16 anni<\/p>\n<p><strong>Grado di difficolt\u00e0:<\/strong> medio; sono richiesti passo sicuro durante l&#8217;ascesa e abbigliamento adeguato.<strong> L&#8217;escursione non \u00e8 indicata per ragazzi di et\u00e0 inferiore a 10 anni.<\/strong><\/p>\n<p><strong>\u00c8 richiesta la prenotazione online o telefonica entro le ore 18.00 del giorno precedente &#8211;\u00a0minimo partecipanti 6 persone.<\/strong><\/p>\n\t\t\t<a href=\"http:\/\/www2.marmorplus.it\/it\/marmor-relaxtour\/\" title=\"Click Here\" target=\"_self\" role=\"button\" aria-label=\"Saperne di pi\u00f9\" rel=\"noopener\">\n\t\t\t\t\t\t\tSaperne di pi\u00f9\n\t\t<\/a>\n\t<a href=\"mailto:info@marmorplus.it\" target=\"_self\" aria-label=\"Go to mailto:info@marmorplus.it\" rel=\"noopener\"><\/a>\n\t\t<h2>info@marmorplus.it<\/h2>\t\t\t\n\t<a href=\"tel:+393474095404\" target=\"_self\" aria-label=\"Go to Tel:+393474095404\" rel=\"noopener\"><\/a>\n\t\t<h2>+39 347 40 95 404<\/h2>\t\t\t\n\t<a href=\"http:\/\/www2.marmorplus.it\/contatto\/?lang=it\" target=\"_self\" aria-label=\"Go to http:\/\/www2.marmorplus.it\/contatto\/?lang=it\" rel=\"noopener\"><\/a>\n\t\t<h2>Come raggiungerci<\/h2>\t\t\t\n<h2>\n\t\tI nostri partner\n\t<\/h2>\n\t\t\t\t<a href=\"http:\/\/www.gemeinde.laas.bz.it\/\" target=\"_self\" itemprop=\"url\" rel=\"noopener\">\n\t\t\t\t<img loading=\"lazy\" decoding=\"async\" src=\"http:\/\/www2.marmorplus.it\/wp-content\/uploads\/2018\/11\/logo-laas.jpg\"  alt=\"Benvenuto\"  itemprop=\"image\" height=\"111\" width=\"250\"  title=\"\"  onerror=\"this.style.display='none'\"  \/>\n\t\t\t\t<\/a>\n\t\t\t\t<a href=\"https:\/\/www.vinschgau.net\/de\/schlanders-und-laas.html\" target=\"_self\" itemprop=\"url\" rel=\"noopener\">\n\t\t\t\t<img loading=\"lazy\" decoding=\"async\" src=\"https:\/\/www.marmorplus.it\/wp-content\/uploads\/2018\/11\/wpa7cd4f15_05_06-1.jpg\"  alt=\"Benvenuto\"  itemprop=\"image\" height=\"118\" width=\"345\"  title=\"\"  onerror=\"this.style.display='none'\"  \/>\n\t\t\t\t<\/a>\n\t\t\t\t<a href=\"http:\/\/www.interreg.net\/de\/default.asp\" target=\"_blank\" rel=\"noopener\" itemprop=\"url\">\n\t\t\t\t<img decoding=\"async\" src=\"https:\/\/www.marmorplus.it\/wp-content\/uploads\/2018\/11\/Logo_interegg_iV.jpg\"  alt=\"Benvenuto\"  itemprop=\"image\"  title=\"\"  onerror=\"this.style.display='none'\"  \/>\n\t\t\t\t<\/a>\n\t\t\t\t<a href=\"http:\/\/www.schlanders.berufsschule.it\/ausbildung\/berufsfachschule-steinbearbeitung.asp\" target=\"_blank\" rel=\"noopener\" itemprop=\"url\">\n\t\t\t\t<img loading=\"lazy\" decoding=\"async\" src=\"https:\/\/www.marmorplus.it\/wp-content\/uploads\/2018\/11\/logo-berufsschule.jpg\"  alt=\"Benvenuto\"  itemprop=\"image\" height=\"111\" width=\"250\"  title=\"\"  onerror=\"this.style.display='none'\"  \/>\n\t\t\t\t<\/a>\n\t\t\t\t<a href=\"http:\/\/www.knappenwelt.at\/index.html\" target=\"_self\" itemprop=\"url\" rel=\"noopener\">\n\t\t\t\t<img loading=\"lazy\" decoding=\"async\" src=\"https:\/\/www.marmorplus.it\/wp-content\/uploads\/2018\/11\/logo_tarrenz.jpg\"  alt=\"Benvenuto\"  itemprop=\"image\" height=\"55\" width=\"384\"  title=\"\"  onerror=\"this.style.display='none'\"  \/>\n\t\t\t\t<\/a>\n\t\t\t\t<a href=\"https:\/\/www.stiegenzumhimmel.it\/de\/alpine-strasse-der-romanik.html\" target=\"_self\" itemprop=\"url\" rel=\"noopener\">\n\t\t\t\t<img loading=\"lazy\" decoding=\"async\" src=\"https:\/\/www.marmorplus.it\/wp-content\/uploads\/2018\/11\/LOGO-STdR_Web_zweisprachig-kl.jpg\"  alt=\"Benvenuto\"  itemprop=\"image\" height=\"111\" width=\"139\"  title=\"\"  onerror=\"this.style.display='none'\"  \/>\n\t\t\t\t<\/a>\n\n","protected":false},"excerpt":{"rendered":"<p>Vari tour di avventura del marmo Scopri il fascino unico del marmo di Lasa e di Covelano Esperienza-Meraviglia-Sentimento&#8230; questo e`il motto di Marmor plus Visita guidata alla scoperta del marmo Un suggestivo documentario sulla genesi, la storia, l&#8217;estrazione e la lavorazione del marmo. Il percorso prevede la visita all&#8217;azienda Mayr Josef in cui sar\u00e0 possibile&hellip;<\/p>\n","protected":false},"author":1,"featured_media":0,"parent":0,"menu_order":0,"comment_status":"closed","ping_status":"closed","template":"","meta":{"inline_featured_image":false,"footnotes":""},"class_list":["post-840","page","type-page","status-publish","hentry"],"yoast_head":"<!-- This site is optimized with the Yoast SEO plugin v27.5 - https:\/\/yoast.com\/product\/yoast-seo-wordpress\/ -->\n<title>Vari tour di avventura del marmo<\/title>\n<meta name=\"description\" content=\"Vari tour di avventura del marmo I nostri esperti di marmo accompagnano ...\" \/>\n<meta name=\"robots\" content=\"index, follow, max-snippet:-1, max-image-preview:large, max-video-preview:-1\" \/>\n<link rel=\"canonical\" href=\"https:\/\/www.marmorplus.it\/it\/\" \/>\n<meta property=\"og:locale\" content=\"it_IT\" \/>\n<meta property=\"og:type\" content=\"article\" \/>\n<meta property=\"og:title\" content=\"Vari tour di avventura del marmo\" \/>\n<meta property=\"og:description\" content=\"Vari tour di avventura del marmo I nostri esperti di marmo accompagnano ...\" \/>\n<meta property=\"og:url\" content=\"https:\/\/www.marmorplus.it\/it\/\" \/>\n<meta property=\"og:site_name\" content=\"Marmor Erlebnisf\u00fchrungen\" \/>\n<meta property=\"article:modified_time\" content=\"2026-03-02T16:48:58+00:00\" \/>\n<meta property=\"og:image\" content=\"http:\/\/www2.marmorplus.it\/wp-content\/uploads\/2018\/11\/logo-laas.jpg\" \/>\n<meta name=\"twitter:card\" content=\"summary_large_image\" \/>\n<meta name=\"twitter:label1\" content=\"Tempo di lettura stimato\" \/>\n\t<meta name=\"twitter:data1\" content=\"4 minuti\" \/>\n<script type=\"application\/ld+json\" class=\"yoast-schema-graph\">{\"@context\":\"https:\\\/\\\/schema.org\",\"@graph\":[{\"@type\":\"WebPage\",\"@id\":\"https:\\\/\\\/www.marmorplus.it\\\/it\\\/\",\"url\":\"https:\\\/\\\/www.marmorplus.it\\\/it\\\/\",\"name\":\"Vari tour di avventura del marmo\",\"isPartOf\":{\"@id\":\"https:\\\/\\\/www.marmorplus.it\\\/it\\\/#website\"},\"primaryImageOfPage\":{\"@id\":\"https:\\\/\\\/www.marmorplus.it\\\/it\\\/#primaryimage\"},\"image\":{\"@id\":\"https:\\\/\\\/www.marmorplus.it\\\/it\\\/#primaryimage\"},\"thumbnailUrl\":\"http:\\\/\\\/www2.marmorplus.it\\\/wp-content\\\/uploads\\\/2018\\\/11\\\/logo-laas.jpg\",\"datePublished\":\"2019-07-25T09:05:49+00:00\",\"dateModified\":\"2026-03-02T16:48:58+00:00\",\"description\":\"Vari tour di avventura del marmo I nostri esperti di marmo accompagnano ...\",\"breadcrumb\":{\"@id\":\"https:\\\/\\\/www.marmorplus.it\\\/it\\\/#breadcrumb\"},\"inLanguage\":\"it-IT\",\"potentialAction\":[{\"@type\":\"ReadAction\",\"target\":[\"https:\\\/\\\/www.marmorplus.it\\\/it\\\/\"]}]},{\"@type\":\"ImageObject\",\"inLanguage\":\"it-IT\",\"@id\":\"https:\\\/\\\/www.marmorplus.it\\\/it\\\/#primaryimage\",\"url\":\"http:\\\/\\\/www2.marmorplus.it\\\/wp-content\\\/uploads\\\/2018\\\/11\\\/logo-laas.jpg\",\"contentUrl\":\"http:\\\/\\\/www2.marmorplus.it\\\/wp-content\\\/uploads\\\/2018\\\/11\\\/logo-laas.jpg\"},{\"@type\":\"BreadcrumbList\",\"@id\":\"https:\\\/\\\/www.marmorplus.it\\\/it\\\/#breadcrumb\",\"itemListElement\":[{\"@type\":\"ListItem\",\"position\":1,\"name\":\"Startseite\",\"item\":\"https:\\\/\\\/www.marmorplus.it\\\/it\\\/\"},{\"@type\":\"ListItem\",\"position\":2,\"name\":\"Benvenuto\"}]},{\"@type\":\"WebSite\",\"@id\":\"https:\\\/\\\/www.marmorplus.it\\\/it\\\/#website\",\"url\":\"https:\\\/\\\/www.marmorplus.it\\\/it\\\/\",\"name\":\"Marmor Erlebnisf\u00fchrungen\",\"description\":\"Erleben Sie die einzigartige Faszination des Laaser Marmor\",\"potentialAction\":[{\"@type\":\"SearchAction\",\"target\":{\"@type\":\"EntryPoint\",\"urlTemplate\":\"https:\\\/\\\/www.marmorplus.it\\\/it\\\/?s={search_term_string}\"},\"query-input\":{\"@type\":\"PropertyValueSpecification\",\"valueRequired\":true,\"valueName\":\"search_term_string\"}}],\"inLanguage\":\"it-IT\"}]}<\/script>\n<!-- \/ Yoast SEO plugin. -->","yoast_head_json":{"title":"Vari tour di avventura del marmo","description":"Vari tour di avventura del marmo I nostri esperti di marmo accompagnano ...","robots":{"index":"index","follow":"follow","max-snippet":"max-snippet:-1","max-image-preview":"max-image-preview:large","max-video-preview":"max-video-preview:-1"},"canonical":"https:\/\/www.marmorplus.it\/it\/","og_locale":"it_IT","og_type":"article","og_title":"Vari tour di avventura del marmo","og_description":"Vari tour di avventura del marmo I nostri esperti di marmo accompagnano ...","og_url":"https:\/\/www.marmorplus.it\/it\/","og_site_name":"Marmor Erlebnisf\u00fchrungen","article_modified_time":"2026-03-02T16:48:58+00:00","og_image":[{"url":"http:\/\/www2.marmorplus.it\/wp-content\/uploads\/2018\/11\/logo-laas.jpg","type":"","width":"","height":""}],"twitter_card":"summary_large_image","twitter_misc":{"Tempo di lettura stimato":"4 minuti"},"schema":{"@context":"https:\/\/schema.org","@graph":[{"@type":"WebPage","@id":"https:\/\/www.marmorplus.it\/it\/","url":"https:\/\/www.marmorplus.it\/it\/","name":"Vari tour di avventura del marmo","isPartOf":{"@id":"https:\/\/www.marmorplus.it\/it\/#website"},"primaryImageOfPage":{"@id":"https:\/\/www.marmorplus.it\/it\/#primaryimage"},"image":{"@id":"https:\/\/www.marmorplus.it\/it\/#primaryimage"},"thumbnailUrl":"http:\/\/www2.marmorplus.it\/wp-content\/uploads\/2018\/11\/logo-laas.jpg","datePublished":"2019-07-25T09:05:49+00:00","dateModified":"2026-03-02T16:48:58+00:00","description":"Vari tour di avventura del marmo I nostri esperti di marmo accompagnano ...","breadcrumb":{"@id":"https:\/\/www.marmorplus.it\/it\/#breadcrumb"},"inLanguage":"it-IT","potentialAction":[{"@type":"ReadAction","target":["https:\/\/www.marmorplus.it\/it\/"]}]},{"@type":"ImageObject","inLanguage":"it-IT","@id":"https:\/\/www.marmorplus.it\/it\/#primaryimage","url":"http:\/\/www2.marmorplus.it\/wp-content\/uploads\/2018\/11\/logo-laas.jpg","contentUrl":"http:\/\/www2.marmorplus.it\/wp-content\/uploads\/2018\/11\/logo-laas.jpg"},{"@type":"BreadcrumbList","@id":"https:\/\/www.marmorplus.it\/it\/#breadcrumb","itemListElement":[{"@type":"ListItem","position":1,"name":"Startseite","item":"https:\/\/www.marmorplus.it\/it\/"},{"@type":"ListItem","position":2,"name":"Benvenuto"}]},{"@type":"WebSite","@id":"https:\/\/www.marmorplus.it\/it\/#website","url":"https:\/\/www.marmorplus.it\/it\/","name":"Marmor Erlebnisf\u00fchrungen","description":"Erleben Sie die einzigartige Faszination des Laaser Marmor","potentialAction":[{"@type":"SearchAction","target":{"@type":"EntryPoint","urlTemplate":"https:\/\/www.marmorplus.it\/it\/?s={search_term_string}"},"query-input":{"@type":"PropertyValueSpecification","valueRequired":true,"valueName":"search_term_string"}}],"inLanguage":"it-IT"}]}},"_links":{"self":[{"href":"https:\/\/www.marmorplus.it\/it\/wp-json\/wp\/v2\/pages\/840","targetHints":{"allow":["GET"]}}],"collection":[{"href":"https:\/\/www.marmorplus.it\/it\/wp-json\/wp\/v2\/pages"}],"about":[{"href":"https:\/\/www.marmorplus.it\/it\/wp-json\/wp\/v2\/types\/page"}],"author":[{"embeddable":true,"href":"https:\/\/www.marmorplus.it\/it\/wp-json\/wp\/v2\/users\/1"}],"replies":[{"embeddable":true,"href":"https:\/\/www.marmorplus.it\/it\/wp-json\/wp\/v2\/comments?post=840"}],"version-history":[{"count":10,"href":"https:\/\/www.marmorplus.it\/it\/wp-json\/wp\/v2\/pages\/840\/revisions"}],"predecessor-version":[{"id":1732,"href":"https:\/\/www.marmorplus.it\/it\/wp-json\/wp\/v2\/pages\/840\/revisions\/1732"}],"wp:attachment":[{"href":"https:\/\/www.marmorplus.it\/it\/wp-json\/wp\/v2\/media?parent=840"}],"curies":[{"name":"wp","href":"https:\/\/api.w.org\/{rel}","templated":true}]}}