{"id":1441,"date":"2023-01-25T16:17:58","date_gmt":"2023-01-25T15:17:58","guid":{"rendered":"http:\/\/www2.marmorplus.it\/marmor-relaxtour\/"},"modified":"2024-05-29T18:23:13","modified_gmt":"2024-05-29T16:23:13","slug":"marmor-relaxtour","status":"publish","type":"page","link":"https:\/\/www.marmorplus.it\/it\/marmor-relaxtour\/","title":{"rendered":"Marmor Relaxtour"},"content":{"rendered":"\n\n<h1>Escursione guidata<\/h1>\n\n<p>&nbsp;<\/p>\n<p><strong>Quando:<\/strong> ogni gioved\u00ec alle ore 14.00 da met\u00e0 luglio a met\u00e0 settembre<\/p>\n<p><strong>Punto d&#8217;incontro:<\/strong> stazione ferroviaria di Lasa<\/p>\n<p><strong>Durata:<\/strong> circa 4 ore di cui il percorso a piedi \u00e8 di circa 50 minuti<\/p>\n<p><strong>Prezzo:<\/strong> 48 euro adulti, 25 euro per ragazzi dagli 10 ai 16 anni<\/p>\n<p><strong>Grado di difficolt\u00e0:<\/strong> medio; sono richiesti passo sicuro durante l&#8217;ascesa e abbigliamento adeguato. <strong>L&#8217;escursione non \u00e8 indicata per ragazzi di et\u00e0 inferiore a 10 anni.<\/strong><\/p>\n<p><strong>\u00c8 richiesta la prenotazione online o telefonica entro le ore 18.00 del giorno precedente &#8211;\u00a0minimo partecipanti 6 persone.<\/strong><\/p>\n<p>Dopo la visione di un avvincente documentario sulla genesi, l&#8217;estrazione e la lavorazione del\u00a0marmo, la visita prosegue con un bus navetta fino alla sala macchine dell&#8217;argano gigante\u00a0presso lo storico piano inclinato. Salendo i 365 gradini, percorsi in passato dai lavoratori\u00a0della cava, si giunge all&#8217;interno della cava di Acqua Bianca, dove viene estratto &#8220;l&#8217;oro bianco&#8221;.\u00a0Al ritorno si ripercorre la via dei lavoratori e si raggiunge il paese del marmo con il bus\u00a0navetta.<\/p>\n<em><strong>Esperienza-essere stupiti-sentirsi<br \/>\n<\/strong><\/em> questo \u00e8 il motto di <strong>marmo plus<\/strong>\nNon vediamo l&#8217;ora della vostra visita!\n<h2>\n\t\tRegistrazione per il Marmor Relax Tour\n\t<\/h2>\n\t<p><strong>Partecipanti minimo 6 persone &#8211; ti informeremo il giorno prima tramite SMS\u00a0o EMAIL se il tour \u00e8 in corso!<\/strong><\/p>\n\t<a href=\"tel:+393474095404\" target=\"_self\" aria-label=\"Go to tel:+393474095404\" rel=\"noopener\"><\/a>\n\t\t<h2>+39 347 40 95 404<\/h2>\t\t\t\n\t\n<div class=\"wpcf7 no-js\" id=\"wpcf7-f1505-o1\" lang=\"de-DE\" dir=\"ltr\" data-wpcf7-id=\"1505\">\n<div class=\"screen-reader-response\"><p role=\"status\" aria-live=\"polite\" aria-atomic=\"true\"><\/p> <ul><\/ul><\/div>\n<form action=\"\/it\/wp-json\/wp\/v2\/pages\/1441#wpcf7-f1505-o1\" method=\"post\" class=\"wpcf7-form init\" aria-label=\"Kontaktformular\" novalidate=\"novalidate\" data-status=\"init\">\n<fieldset class=\"hidden-fields-container\"><input type=\"hidden\" name=\"_wpcf7\" value=\"1505\" \/><input type=\"hidden\" name=\"_wpcf7_version\" value=\"6.1.5\" \/><input type=\"hidden\" name=\"_wpcf7_locale\" value=\"de_DE\" \/><input type=\"hidden\" name=\"_wpcf7_unit_tag\" value=\"wpcf7-f1505-o1\" \/><input type=\"hidden\" name=\"_wpcf7_container_post\" value=\"0\" \/><input type=\"hidden\" name=\"_wpcf7_posted_data_hash\" value=\"\" \/>\n<\/fieldset>\n<p><label> Modulo d'iscrizione <\/label>\n<\/p>\n<p><label> Nome*<br \/>\n<span class=\"wpcf7-form-control-wrap\" data-name=\"your-name\"><input size=\"40\" maxlength=\"400\" class=\"wpcf7-form-control wpcf7-text wpcf7-validates-as-required\" aria-required=\"true\" aria-invalid=\"false\" value=\"\" type=\"text\" name=\"your-name\" \/><\/span> <\/label>\n<\/p>\n<p><label> Cognome*<br \/>\n<span class=\"wpcf7-form-control-wrap\" data-name=\"nachname\"><input size=\"40\" maxlength=\"400\" class=\"wpcf7-form-control wpcf7-text wpcf7-validates-as-required\" aria-required=\"true\" aria-invalid=\"false\" value=\"\" type=\"text\" name=\"nachname\" \/><\/span> <\/label>\n<\/p>\n<p><label> Email*<br \/>\n<span class=\"wpcf7-form-control-wrap\" data-name=\"your-email\"><input size=\"40\" maxlength=\"400\" class=\"wpcf7-form-control wpcf7-email wpcf7-validates-as-required wpcf7-text wpcf7-validates-as-email\" aria-required=\"true\" aria-invalid=\"false\" value=\"\" type=\"email\" name=\"your-email\" \/><\/span> <\/label>\n<\/p>\n<p><label> Telefono*<br \/>\n<span class=\"wpcf7-form-control-wrap\" data-name=\"tefefon\"><input size=\"40\" maxlength=\"400\" class=\"wpcf7-form-control wpcf7-tel wpcf7-validates-as-required wpcf7-text wpcf7-validates-as-tel\" aria-required=\"true\" aria-invalid=\"false\" value=\"\" type=\"tel\" name=\"tefefon\" \/><\/span> <\/label>\n<\/p>\n<p><label> Numero di partecipanti*<br \/>\n<span class=\"wpcf7-form-control-wrap\" data-name=\"Personen\"><select class=\"wpcf7-form-control wpcf7-select wpcf7-validates-as-required\" aria-required=\"true\" aria-invalid=\"false\" name=\"Personen\"><option value=\"\">&#8211; Bitte ausw\u00e4hlen &#8211;<\/option><option value=\"1\">1<\/option><option value=\"2\">2<\/option><option value=\"3\">3<\/option><option value=\"4\">4<\/option><option value=\"5\">5<\/option><option value=\"6\">6<\/option><option value=\"7\">7<\/option><option value=\"8\">8<\/option><\/select><\/span> <\/label>\n<\/p>\n<p><label> Selezionare la data*<br \/>\n<span class=\"wpcf7-form-control-wrap\" data-name=\"Datum\"><select class=\"wpcf7-form-control wpcf7-select wpcf7-validates-as-required\" aria-required=\"true\" aria-invalid=\"false\" name=\"Datum\"><option value=\"\">&#8211; Bitte ausw\u00e4hlen &#8211;<\/option><option value=\"giovedi 23.7.2026 \u2013 ore 14.00\">giovedi 23.7.2026 \u2013 ore 14.00<\/option><option value=\"giovedi 30.7.2026 \u2013 ore 14.00\">giovedi 30.7.2026 \u2013 ore 14.00<\/option><option value=\"giovedi 6.8.2026 \u2013 ore 14.00\">giovedi 6.8.2026 \u2013 ore 14.00<\/option><option value=\"giovedi 13.8.2026 \u2013 ore 14.00\">giovedi 13.8.2026 \u2013 ore 14.00<\/option><option value=\"giovedi 20.8.2026 \u2013 ore 14.00\">giovedi 20.8.2026 \u2013 ore 14.00<\/option><option value=\"giovedi 27.8.2026 \u2013 ore 14.00\">giovedi 27.8.2026 \u2013 ore 14.00<\/option><option value=\"giovedi 3.9.2026 \u2013 ore 14.00\">giovedi 3.9.2026 \u2013 ore 14.00<\/option><option value=\"giovedi 5.9.2026 \u2013 ore 14.00\">giovedi 5.9.2026 \u2013 ore 14.00<\/option><\/select><\/span> <\/label>\n<\/p>\n<p><label> Nota<br \/>\n<span class=\"wpcf7-form-control-wrap\" data-name=\"your-message\"><textarea cols=\"40\" rows=\"10\" maxlength=\"2000\" class=\"wpcf7-form-control wpcf7-textarea\" aria-invalid=\"false\" name=\"your-message\"><\/textarea><\/span> <\/label>\n<\/p>\n<p><input class=\"wpcf7-form-control wpcf7-submit has-spinner\" type=\"submit\" value=\"INVIARE\" \/>\n<\/p><div class=\"wpcf7-response-output\" aria-hidden=\"true\"><\/div>\n<\/form>\n<\/div>\n\n<h1>\n\t\tImpressioni\n\t<\/h1>\n<h2>\n\t\tConosci gi\u00e0 i nostri esclusivi viaggi nel mondo di marmo?\n\t<\/h2>\n\t\t\t\t<img loading=\"lazy\" decoding=\"async\" src=\"https:\/\/www.marmorplus.it\/wp-content\/uploads\/2018\/11\/Marmorf\u00fchrung_kl.jpg\"  alt=\"Marmor Relaxtour\"  itemprop=\"image\" height=\"620\" width=\"930\"  title=\"\"  onerror=\"this.style.display='none'\"  \/>\n\t<h2><strong>Visita guidata alla scoperta del marmo<\/strong><\/h2>\n<p>Un suggestivo documentario sulla genesi, la storia, l&#8217;estrazione e la lavorazione del marmo. Il percorso prevede la visita all&#8217;azienda Mayr Josef in cui sar\u00e0 possibile osservare gli scultori professionisti all&#8217;opera. Il percorso prosegue attraverso il paese del marmo, con la visita allo stabilimento &#8220;Lasa Marmo&#8221; e alla mostra del &#8220;Mondo del marmo&#8221; con la sua storica gru a cavalletto e le preziose sculture. Qui ci si potr\u00e0 soffermare anche dopo la visita: l&#8217;ingresso alla mostra \u00e8 incluso nel prezzo.<\/p>\n<p><strong>Quando:<\/strong> ogni marted\u00ec alle ore 14.00 da met\u00e0 luglio a fine agosto<\/p>\n<p><strong>Punto d&#8217;incontro:<\/strong> Stazione ferroviaria di Lasa<\/p>\n<p><strong>Durata:<\/strong> circa 2 ore e mezza<\/p>\n<p><strong>Prezzo:<\/strong> 11 euro adulti, 5 euro bambini fino ai 12 anni<\/p>\n<p><strong>\u00c8 richiesta la prenotazione online o telefonica entro le ore 18.00 del giorno\u00a0precedente &#8211; minimo partecipanti 6 persone.<\/strong><\/p>\n\t\t\t<a href=\"http:\/\/www2.marmorplus.it\/it\/viaggio-nel-mondo-del-marmo\/\" target=\"_self\" role=\"button\" aria-label=\"Saperne di pi\u00f9\" rel=\"noopener\">\n\t\t\t\t\t\t\tSaperne di pi\u00f9\n\t\t<\/a>\n\t<a href=\"mailto:info@marmorplus.it\" target=\"_self\" aria-label=\"Go to mailto:info@marmorplus.it\" rel=\"noopener\"><\/a>\n\t\t<h2>info@marmorplus.it<\/h2>\t\t\t\n\t<a href=\"tel:+393474095404\" target=\"_self\" aria-label=\"Go to Tel:+393474095404\" rel=\"noopener\"><\/a>\n\t\t<h2>+39 347 40 95 404<\/h2>\t\t\t\n\t<a href=\"http:\/\/www2.marmorplus.it\/contatto\/?lang=it\" target=\"_self\" aria-label=\"Go to http:\/\/www2.marmorplus.it\/contatto\/?lang=it\" rel=\"noopener\"><\/a>\n\t\t<h2>Come raggiungerci<\/h2>\t\t\t\n\n","protected":false},"excerpt":{"rendered":"<p>Escursione guidata &nbsp; Quando: ogni gioved\u00ec alle ore 14.00 da met\u00e0 luglio a met\u00e0 settembre Punto d&#8217;incontro: stazione ferroviaria di Lasa Durata: circa 4 ore di cui il percorso a piedi \u00e8 di circa 50 minuti Prezzo: 48 euro adulti, 25 euro per ragazzi dagli 10 ai 16 anni Grado di difficolt\u00e0: medio; sono richiesti&hellip;<\/p>\n","protected":false},"author":1,"featured_media":0,"parent":0,"menu_order":0,"comment_status":"closed","ping_status":"closed","template":"","meta":{"inline_featured_image":false,"footnotes":""},"class_list":["post-1441","page","type-page","status-publish","hentry"],"yoast_head":"<!-- This site is optimized with the Yoast SEO plugin v27.5 - https:\/\/yoast.com\/product\/yoast-seo-wordpress\/ -->\n<title>Marmor Relaxtour - Marmor Erlebnisf\u00fchrungen<\/title>\n<meta name=\"description\" content=\"Tour avventura in marmo, un indimenticabile tour in marmo nella zona mineraria di marmo, salita su una scala sotterranea...\" \/>\n<meta name=\"robots\" content=\"index, follow, max-snippet:-1, max-image-preview:large, max-video-preview:-1\" \/>\n<link rel=\"canonical\" href=\"https:\/\/www.marmorplus.it\/it\/marmor-relaxtour\/\" \/>\n<meta property=\"og:locale\" content=\"it_IT\" \/>\n<meta property=\"og:type\" content=\"article\" \/>\n<meta property=\"og:title\" content=\"Marmor Relaxtour - Marmor Erlebnisf\u00fchrungen\" \/>\n<meta property=\"og:description\" content=\"Tour avventura in marmo, un indimenticabile tour in marmo nella zona mineraria di marmo, salita su una scala sotterranea...\" \/>\n<meta property=\"og:url\" content=\"https:\/\/www.marmorplus.it\/it\/marmor-relaxtour\/\" \/>\n<meta property=\"og:site_name\" content=\"Marmor Erlebnisf\u00fchrungen\" \/>\n<meta property=\"article:modified_time\" content=\"2024-05-29T16:23:13+00:00\" \/>\n<meta name=\"twitter:card\" content=\"summary_large_image\" \/>\n<meta name=\"twitter:label1\" content=\"Tempo di lettura stimato\" \/>\n\t<meta name=\"twitter:data1\" content=\"2 minuti\" \/>\n<script type=\"application\/ld+json\" class=\"yoast-schema-graph\">{\"@context\":\"https:\\\/\\\/schema.org\",\"@graph\":[{\"@type\":\"WebPage\",\"@id\":\"https:\\\/\\\/www.marmorplus.it\\\/it\\\/marmor-relaxtour\\\/\",\"url\":\"https:\\\/\\\/www.marmorplus.it\\\/it\\\/marmor-relaxtour\\\/\",\"name\":\"Marmor Relaxtour - Marmor Erlebnisf\u00fchrungen\",\"isPartOf\":{\"@id\":\"https:\\\/\\\/www.marmorplus.it\\\/it\\\/#website\"},\"datePublished\":\"2023-01-25T15:17:58+00:00\",\"dateModified\":\"2024-05-29T16:23:13+00:00\",\"description\":\"Tour avventura in marmo, un indimenticabile tour in marmo nella zona mineraria di marmo, salita su una scala sotterranea...\",\"breadcrumb\":{\"@id\":\"https:\\\/\\\/www.marmorplus.it\\\/it\\\/marmor-relaxtour\\\/#breadcrumb\"},\"inLanguage\":\"it-IT\",\"potentialAction\":[{\"@type\":\"ReadAction\",\"target\":[\"https:\\\/\\\/www.marmorplus.it\\\/it\\\/marmor-relaxtour\\\/\"]}]},{\"@type\":\"BreadcrumbList\",\"@id\":\"https:\\\/\\\/www.marmorplus.it\\\/it\\\/marmor-relaxtour\\\/#breadcrumb\",\"itemListElement\":[{\"@type\":\"ListItem\",\"position\":1,\"name\":\"Startseite\",\"item\":\"https:\\\/\\\/www.marmorplus.it\\\/it\\\/\"},{\"@type\":\"ListItem\",\"position\":2,\"name\":\"Marmor Relaxtour\"}]},{\"@type\":\"WebSite\",\"@id\":\"https:\\\/\\\/www.marmorplus.it\\\/it\\\/#website\",\"url\":\"https:\\\/\\\/www.marmorplus.it\\\/it\\\/\",\"name\":\"Marmor Erlebnisf\u00fchrungen\",\"description\":\"Erleben Sie die einzigartige Faszination des Laaser Marmor\",\"potentialAction\":[{\"@type\":\"SearchAction\",\"target\":{\"@type\":\"EntryPoint\",\"urlTemplate\":\"https:\\\/\\\/www.marmorplus.it\\\/it\\\/?s={search_term_string}\"},\"query-input\":{\"@type\":\"PropertyValueSpecification\",\"valueRequired\":true,\"valueName\":\"search_term_string\"}}],\"inLanguage\":\"it-IT\"}]}<\/script>\n<!-- \/ Yoast SEO plugin. -->","yoast_head_json":{"title":"Marmor Relaxtour - Marmor Erlebnisf\u00fchrungen","description":"Tour avventura in marmo, un indimenticabile tour in marmo nella zona mineraria di marmo, salita su una scala sotterranea...","robots":{"index":"index","follow":"follow","max-snippet":"max-snippet:-1","max-image-preview":"max-image-preview:large","max-video-preview":"max-video-preview:-1"},"canonical":"https:\/\/www.marmorplus.it\/it\/marmor-relaxtour\/","og_locale":"it_IT","og_type":"article","og_title":"Marmor Relaxtour - Marmor Erlebnisf\u00fchrungen","og_description":"Tour avventura in marmo, un indimenticabile tour in marmo nella zona mineraria di marmo, salita su una scala sotterranea...","og_url":"https:\/\/www.marmorplus.it\/it\/marmor-relaxtour\/","og_site_name":"Marmor Erlebnisf\u00fchrungen","article_modified_time":"2024-05-29T16:23:13+00:00","twitter_card":"summary_large_image","twitter_misc":{"Tempo di lettura stimato":"2 minuti"},"schema":{"@context":"https:\/\/schema.org","@graph":[{"@type":"WebPage","@id":"https:\/\/www.marmorplus.it\/it\/marmor-relaxtour\/","url":"https:\/\/www.marmorplus.it\/it\/marmor-relaxtour\/","name":"Marmor Relaxtour - Marmor Erlebnisf\u00fchrungen","isPartOf":{"@id":"https:\/\/www.marmorplus.it\/it\/#website"},"datePublished":"2023-01-25T15:17:58+00:00","dateModified":"2024-05-29T16:23:13+00:00","description":"Tour avventura in marmo, un indimenticabile tour in marmo nella zona mineraria di marmo, salita su una scala sotterranea...","breadcrumb":{"@id":"https:\/\/www.marmorplus.it\/it\/marmor-relaxtour\/#breadcrumb"},"inLanguage":"it-IT","potentialAction":[{"@type":"ReadAction","target":["https:\/\/www.marmorplus.it\/it\/marmor-relaxtour\/"]}]},{"@type":"BreadcrumbList","@id":"https:\/\/www.marmorplus.it\/it\/marmor-relaxtour\/#breadcrumb","itemListElement":[{"@type":"ListItem","position":1,"name":"Startseite","item":"https:\/\/www.marmorplus.it\/it\/"},{"@type":"ListItem","position":2,"name":"Marmor Relaxtour"}]},{"@type":"WebSite","@id":"https:\/\/www.marmorplus.it\/it\/#website","url":"https:\/\/www.marmorplus.it\/it\/","name":"Marmor Erlebnisf\u00fchrungen","description":"Erleben Sie die einzigartige Faszination des Laaser Marmor","potentialAction":[{"@type":"SearchAction","target":{"@type":"EntryPoint","urlTemplate":"https:\/\/www.marmorplus.it\/it\/?s={search_term_string}"},"query-input":{"@type":"PropertyValueSpecification","valueRequired":true,"valueName":"search_term_string"}}],"inLanguage":"it-IT"}]}},"_links":{"self":[{"href":"https:\/\/www.marmorplus.it\/it\/wp-json\/wp\/v2\/pages\/1441","targetHints":{"allow":["GET"]}}],"collection":[{"href":"https:\/\/www.marmorplus.it\/it\/wp-json\/wp\/v2\/pages"}],"about":[{"href":"https:\/\/www.marmorplus.it\/it\/wp-json\/wp\/v2\/types\/page"}],"author":[{"embeddable":true,"href":"https:\/\/www.marmorplus.it\/it\/wp-json\/wp\/v2\/users\/1"}],"replies":[{"embeddable":true,"href":"https:\/\/www.marmorplus.it\/it\/wp-json\/wp\/v2\/comments?post=1441"}],"version-history":[{"count":4,"href":"https:\/\/www.marmorplus.it\/it\/wp-json\/wp\/v2\/pages\/1441\/revisions"}],"predecessor-version":[{"id":1617,"href":"https:\/\/www.marmorplus.it\/it\/wp-json\/wp\/v2\/pages\/1441\/revisions\/1617"}],"wp:attachment":[{"href":"https:\/\/www.marmorplus.it\/it\/wp-json\/wp\/v2\/media?parent=1441"}],"curies":[{"name":"wp","href":"https:\/\/api.w.org\/{rel}","templated":true}]}}